{"id":2926,"date":"2024-05-16T13:35:56","date_gmt":"2024-05-16T11:35:56","guid":{"rendered":"https:\/\/nicolematteoni.it\/?page_id=2926"},"modified":"2024-05-16T14:18:37","modified_gmt":"2024-05-16T12:18:37","slug":"europee-2024","status":"publish","type":"page","link":"https:\/\/nicolematteoni.it\/index.php\/europee-2024\/","title":{"rendered":"Europee 2024"},"content":{"rendered":"\t\t<div data-elementor-type=\"wp-page\" data-elementor-id=\"2926\" class=\"elementor elementor-2926\" data-elementor-post-type=\"page\">\n\t\t\t\t\t\t<section class=\"elementor-section elementor-top-section elementor-element elementor-element-d7a3638 elementor-section-content-middle elementor-section-boxed elementor-section-height-default elementor-section-height-default\" data-id=\"d7a3638\" data-element_type=\"section\" data-e-type=\"section\">\n\t\t\t\t\t\t<div class=\"elementor-container elementor-column-gap-wider\">\n\t\t\t\t\t<div class=\"elementor-column elementor-col-33 elementor-top-column elementor-element elementor-element-2a5edc1\" data-id=\"2a5edc1\" data-element_type=\"column\" data-e-type=\"column\">\n\t\t\t<div class=\"elementor-widget-wrap elementor-element-populated\">\n\t\t\t\t\t\t<div class=\"elementor-element elementor-element-77199fb elementor-widget elementor-widget-image\" data-id=\"77199fb\" data-element_type=\"widget\" data-e-type=\"widget\" data-widget_type=\"image.default\">\n\t\t\t\t<div class=\"elementor-widget-container\">\n\t\t\t\t\t\t\t\t\t\t\t\t\t\t\t<img fetchpriority=\"high\" decoding=\"async\" width=\"525\" height=\"650\" src=\"https:\/\/nicolematteoni.it\/wp-content\/uploads\/2024\/05\/Europee-2024-827x1024.jpeg\" class=\"attachment-large size-large wp-image-2928\" alt=\"\" srcset=\"https:\/\/nicolematteoni.it\/wp-content\/uploads\/2024\/05\/Europee-2024-827x1024.jpeg 827w, https:\/\/nicolematteoni.it\/wp-content\/uploads\/2024\/05\/Europee-2024-242x300.jpeg 242w, https:\/\/nicolematteoni.it\/wp-content\/uploads\/2024\/05\/Europee-2024-768x951.jpeg 768w, https:\/\/nicolematteoni.it\/wp-content\/uploads\/2024\/05\/Europee-2024-1240x1536.jpeg 1240w, https:\/\/nicolematteoni.it\/wp-content\/uploads\/2024\/05\/Europee-2024-200x248.jpeg 200w, https:\/\/nicolematteoni.it\/wp-content\/uploads\/2024\/05\/Europee-2024.jpeg 1292w\" sizes=\"(max-width: 525px) 100vw, 525px\" \/>\t\t\t\t\t\t\t\t\t\t\t\t\t\t\t<\/div>\n\t\t\t\t<\/div>\n\t\t\t\t\t<\/div>\n\t\t<\/div>\n\t\t\t\t<div class=\"elementor-column elementor-col-66 elementor-top-column elementor-element elementor-element-8c6ff03\" data-id=\"8c6ff03\" data-element_type=\"column\" data-e-type=\"column\">\n\t\t\t<div class=\"elementor-widget-wrap elementor-element-populated\">\n\t\t\t\t\t\t<div class=\"elementor-element elementor-element-6b434b8 elementor-widget elementor-widget-heading\" data-id=\"6b434b8\" data-element_type=\"widget\" data-e-type=\"widget\" data-widget_type=\"heading.default\">\n\t\t\t\t<div class=\"elementor-widget-container\">\n\t\t\t\t\t<h1 class=\"elementor-heading-title elementor-size-default\">Europee 2024<\/h1>\t\t\t\t<\/div>\n\t\t\t\t<\/div>\n\t\t\t\t<div class=\"elementor-element elementor-element-c6cfcdd elementor-widget-divider--view-line elementor-widget elementor-widget-divider\" data-id=\"c6cfcdd\" data-element_type=\"widget\" data-e-type=\"widget\" data-widget_type=\"divider.default\">\n\t\t\t\t<div class=\"elementor-widget-container\">\n\t\t\t\t\t\t\t<div class=\"elementor-divider\">\n\t\t\t<span class=\"elementor-divider-separator\">\n\t\t\t\t\t\t<\/span>\n\t\t<\/div>\n\t\t\t\t\t\t<\/div>\n\t\t\t\t<\/div>\n\t\t\t\t<div class=\"elementor-element elementor-element-910ce4a elementor-widget elementor-widget-heading\" data-id=\"910ce4a\" data-element_type=\"widget\" data-e-type=\"widget\" data-widget_type=\"heading.default\">\n\t\t\t\t<div class=\"elementor-widget-container\">\n\t\t\t\t\t<p class=\"elementor-heading-title elementor-size-default\">Con Giorgia Meloni l\u2019Italia cambia l\u2019Europa alle elezioni europee 2024 dell\u2019<b>8 e 9 giugno<\/b>.\n\nLe elezioni europee sono un momento cruciale per decidere il futuro del nostro continente e del nostro Paese. Insieme, possiamo portare avanti i valori e le idee di Fratelli d'Italia, costruendo un'Europa pi\u00f9 forte, pi\u00f9 sicura e pi\u00f9 rispettosa delle nostre tradizioni e della nostra identit\u00e0.<\/p>\t\t\t\t<\/div>\n\t\t\t\t<\/div>\n\t\t\t\t<div class=\"elementor-element elementor-element-957b4f4 elementor-widget elementor-widget-spacer\" data-id=\"957b4f4\" data-element_type=\"widget\" data-e-type=\"widget\" data-widget_type=\"spacer.default\">\n\t\t\t\t<div class=\"elementor-widget-container\">\n\t\t\t\t\t\t\t<div class=\"elementor-spacer\">\n\t\t\t<div class=\"elementor-spacer-inner\"><\/div>\n\t\t<\/div>\n\t\t\t\t\t\t<\/div>\n\t\t\t\t<\/div>\n\t\t\t\t<div class=\"elementor-element elementor-element-736c929 elementor-widget elementor-widget-button\" data-id=\"736c929\" data-element_type=\"widget\" data-e-type=\"widget\" data-widget_type=\"button.default\">\n\t\t\t\t<div class=\"elementor-widget-container\">\n\t\t\t\t\t\t\t\t\t<div class=\"elementor-button-wrapper\">\n\t\t\t\t\t<a class=\"elementor-button elementor-button-link elementor-size-md\" href=\"https:\/\/nicolematteoni.it\/wp-content\/uploads\/2024\/05\/Programma_Europee2024_FdI.pdf\" target=\"_blank\">\n\t\t\t\t\t\t<span class=\"elementor-button-content-wrapper\">\n\t\t\t\t\t\t<span class=\"elementor-button-icon\">\n\t\t\t\t<i aria-hidden=\"true\" class=\"fas fa-arrow-down\"><\/i>\t\t\t<\/span>\n\t\t\t\t\t\t\t\t\t<span class=\"elementor-button-text\">Scarica il programma in formato pdf<\/span>\n\t\t\t\t\t<\/span>\n\t\t\t\t\t<\/a>\n\t\t\t\t<\/div>\n\t\t\t\t\t\t\t\t<\/div>\n\t\t\t\t<\/div>\n\t\t\t\t\t<\/div>\n\t\t<\/div>\n\t\t\t\t\t<\/div>\n\t\t<\/section>\n\t\t\t\t<section class=\"elementor-section elementor-top-section elementor-element elementor-element-ecbf2e7 elementor-section-boxed elementor-section-height-default elementor-section-height-default\" data-id=\"ecbf2e7\" data-element_type=\"section\" data-e-type=\"section\">\n\t\t\t\t\t\t<div class=\"elementor-container elementor-column-gap-default\">\n\t\t\t\t\t<div class=\"elementor-column elementor-col-100 elementor-top-column elementor-element elementor-element-a2f7928\" data-id=\"a2f7928\" data-element_type=\"column\" data-e-type=\"column\">\n\t\t\t<div class=\"elementor-widget-wrap elementor-element-populated\">\n\t\t\t\t\t\t<div class=\"elementor-element elementor-element-4bf80db elementor-widget elementor-widget-spacer\" data-id=\"4bf80db\" data-element_type=\"widget\" data-e-type=\"widget\" data-widget_type=\"spacer.default\">\n\t\t\t\t<div class=\"elementor-widget-container\">\n\t\t\t\t\t\t\t<div class=\"elementor-spacer\">\n\t\t\t<div class=\"elementor-spacer-inner\"><\/div>\n\t\t<\/div>\n\t\t\t\t\t\t<\/div>\n\t\t\t\t<\/div>\n\t\t\t\t\t<\/div>\n\t\t<\/div>\n\t\t\t\t\t<\/div>\n\t\t<\/section>\n\t\t\t\t<\/div>\n\t\t","protected":false},"excerpt":{"rendered":"<p>Europee 2024 Con Giorgia Meloni l\u2019Italia cambia l\u2019Europa alle elezioni europee 2024 dell\u20198 e 9 giugno. Le elezioni europee sono un momento cruciale per decidere il futuro del nostro continente [&hellip;]<\/p>\n","protected":false},"author":2,"featured_media":0,"parent":0,"menu_order":0,"comment_status":"closed","ping_status":"closed","template":"","meta":{"footnotes":""},"class_list":["post-2926","page","type-page","status-publish","hentry"],"yoast_head":"<!-- This site is optimized with the Yoast SEO plugin v26.9 - https:\/\/yoast.com\/product\/yoast-seo-wordpress\/ -->\n<title>Europee 2024 - Nicole Matteoni<\/title>\n<meta name=\"robots\" content=\"index, follow, max-snippet:-1, max-image-preview:large, max-video-preview:-1\" \/>\n<link rel=\"canonical\" href=\"https:\/\/nicolematteoni.it\/index.php\/europee-2024\/\" \/>\n<meta property=\"og:locale\" content=\"it_IT\" \/>\n<meta property=\"og:type\" content=\"article\" \/>\n<meta property=\"og:title\" content=\"Europee 2024 - Nicole Matteoni\" \/>\n<meta property=\"og:description\" content=\"Europee 2024 Con Giorgia Meloni l\u2019Italia cambia l\u2019Europa alle elezioni europee 2024 dell\u20198 e 9 giugno. Le elezioni europee sono un momento cruciale per decidere il futuro del nostro continente [&hellip;]\" \/>\n<meta property=\"og:url\" content=\"https:\/\/nicolematteoni.it\/index.php\/europee-2024\/\" \/>\n<meta property=\"og:site_name\" content=\"Nicole Matteoni\" \/>\n<meta property=\"article:publisher\" content=\"https:\/\/www.facebook.com\/nmatteoni\" \/>\n<meta property=\"article:modified_time\" content=\"2024-05-16T12:18:37+00:00\" \/>\n<meta property=\"og:image\" content=\"https:\/\/nicolematteoni.it\/wp-content\/uploads\/2024\/05\/Europee-2024-827x1024.jpeg\" \/>\n<meta name=\"twitter:card\" content=\"summary_large_image\" \/>\n<meta name=\"twitter:label1\" content=\"Tempo di lettura stimato\" \/>\n\t<meta name=\"twitter:data1\" content=\"1 minuto\" \/>\n<script type=\"application\/ld+json\" class=\"yoast-schema-graph\">{\"@context\":\"https:\/\/schema.org\",\"@graph\":[{\"@type\":\"WebPage\",\"@id\":\"https:\/\/nicolematteoni.it\/index.php\/europee-2024\/\",\"url\":\"https:\/\/nicolematteoni.it\/index.php\/europee-2024\/\",\"name\":\"Europee 2024 - Nicole Matteoni\",\"isPartOf\":{\"@id\":\"https:\/\/nicolematteoni.it\/#website\"},\"primaryImageOfPage\":{\"@id\":\"https:\/\/nicolematteoni.it\/index.php\/europee-2024\/#primaryimage\"},\"image\":{\"@id\":\"https:\/\/nicolematteoni.it\/index.php\/europee-2024\/#primaryimage\"},\"thumbnailUrl\":\"https:\/\/nicolematteoni.it\/wp-content\/uploads\/2024\/05\/Europee-2024-827x1024.jpeg\",\"datePublished\":\"2024-05-16T11:35:56+00:00\",\"dateModified\":\"2024-05-16T12:18:37+00:00\",\"breadcrumb\":{\"@id\":\"https:\/\/nicolematteoni.it\/index.php\/europee-2024\/#breadcrumb\"},\"inLanguage\":\"it-IT\",\"potentialAction\":[{\"@type\":\"ReadAction\",\"target\":[\"https:\/\/nicolematteoni.it\/index.php\/europee-2024\/\"]}]},{\"@type\":\"ImageObject\",\"inLanguage\":\"it-IT\",\"@id\":\"https:\/\/nicolematteoni.it\/index.php\/europee-2024\/#primaryimage\",\"url\":\"https:\/\/nicolematteoni.it\/wp-content\/uploads\/2024\/05\/Europee-2024-827x1024.jpeg\",\"contentUrl\":\"https:\/\/nicolematteoni.it\/wp-content\/uploads\/2024\/05\/Europee-2024-827x1024.jpeg\"},{\"@type\":\"BreadcrumbList\",\"@id\":\"https:\/\/nicolematteoni.it\/index.php\/europee-2024\/#breadcrumb\",\"itemListElement\":[{\"@type\":\"ListItem\",\"position\":1,\"name\":\"Home\",\"item\":\"https:\/\/nicolematteoni.it\/\"},{\"@type\":\"ListItem\",\"position\":2,\"name\":\"Europee 2024\"}]},{\"@type\":\"WebSite\",\"@id\":\"https:\/\/nicolematteoni.it\/#website\",\"url\":\"https:\/\/nicolematteoni.it\/\",\"name\":\"Nicole Matteoni\",\"description\":\"Assessore politiche della famiglia e dell&#039;educazione del Comune di Trieste\",\"publisher\":{\"@id\":\"https:\/\/nicolematteoni.it\/#\/schema\/person\/1720731d753b3bd9a8b2da07865f83ca\"},\"potentialAction\":[{\"@type\":\"SearchAction\",\"target\":{\"@type\":\"EntryPoint\",\"urlTemplate\":\"https:\/\/nicolematteoni.it\/?s={search_term_string}\"},\"query-input\":{\"@type\":\"PropertyValueSpecification\",\"valueRequired\":true,\"valueName\":\"search_term_string\"}}],\"inLanguage\":\"it-IT\"},{\"@type\":[\"Person\",\"Organization\"],\"@id\":\"https:\/\/nicolematteoni.it\/#\/schema\/person\/1720731d753b3bd9a8b2da07865f83ca\",\"name\":\"Nicole Matteoni\",\"image\":{\"@type\":\"ImageObject\",\"inLanguage\":\"it-IT\",\"@id\":\"https:\/\/nicolematteoni.it\/#\/schema\/person\/image\/\",\"url\":\"https:\/\/nicolematteoni.it\/wp-content\/uploads\/2023\/05\/matteoni-avt.jpg\",\"contentUrl\":\"https:\/\/nicolematteoni.it\/wp-content\/uploads\/2023\/05\/matteoni-avt.jpg\",\"width\":550,\"height\":550,\"caption\":\"Nicole Matteoni\"},\"logo\":{\"@id\":\"https:\/\/nicolematteoni.it\/#\/schema\/person\/image\/\"},\"sameAs\":[\"https:\/\/www.nicolematteoni.it\",\"https:\/\/www.facebook.com\/nmatteoni\",\"https:\/\/www.instagram.com\/nicole_matteoni_fdi\/\",\"https:\/\/www.youtube.com\/channel\/UCkMnVzyM3AZbWraaOKCvWDQ\"]}]}<\/script>\n<!-- \/ Yoast SEO plugin. -->","yoast_head_json":{"title":"Europee 2024 - Nicole Matteoni","robots":{"index":"index","follow":"follow","max-snippet":"max-snippet:-1","max-image-preview":"max-image-preview:large","max-video-preview":"max-video-preview:-1"},"canonical":"https:\/\/nicolematteoni.it\/index.php\/europee-2024\/","og_locale":"it_IT","og_type":"article","og_title":"Europee 2024 - Nicole Matteoni","og_description":"Europee 2024 Con Giorgia Meloni l\u2019Italia cambia l\u2019Europa alle elezioni europee 2024 dell\u20198 e 9 giugno. Le elezioni europee sono un momento cruciale per decidere il futuro del nostro continente [&hellip;]","og_url":"https:\/\/nicolematteoni.it\/index.php\/europee-2024\/","og_site_name":"Nicole Matteoni","article_publisher":"https:\/\/www.facebook.com\/nmatteoni","article_modified_time":"2024-05-16T12:18:37+00:00","og_image":[{"url":"https:\/\/nicolematteoni.it\/wp-content\/uploads\/2024\/05\/Europee-2024-827x1024.jpeg","type":"","width":"","height":""}],"twitter_card":"summary_large_image","twitter_misc":{"Tempo di lettura stimato":"1 minuto"},"schema":{"@context":"https:\/\/schema.org","@graph":[{"@type":"WebPage","@id":"https:\/\/nicolematteoni.it\/index.php\/europee-2024\/","url":"https:\/\/nicolematteoni.it\/index.php\/europee-2024\/","name":"Europee 2024 - Nicole Matteoni","isPartOf":{"@id":"https:\/\/nicolematteoni.it\/#website"},"primaryImageOfPage":{"@id":"https:\/\/nicolematteoni.it\/index.php\/europee-2024\/#primaryimage"},"image":{"@id":"https:\/\/nicolematteoni.it\/index.php\/europee-2024\/#primaryimage"},"thumbnailUrl":"https:\/\/nicolematteoni.it\/wp-content\/uploads\/2024\/05\/Europee-2024-827x1024.jpeg","datePublished":"2024-05-16T11:35:56+00:00","dateModified":"2024-05-16T12:18:37+00:00","breadcrumb":{"@id":"https:\/\/nicolematteoni.it\/index.php\/europee-2024\/#breadcrumb"},"inLanguage":"it-IT","potentialAction":[{"@type":"ReadAction","target":["https:\/\/nicolematteoni.it\/index.php\/europee-2024\/"]}]},{"@type":"ImageObject","inLanguage":"it-IT","@id":"https:\/\/nicolematteoni.it\/index.php\/europee-2024\/#primaryimage","url":"https:\/\/nicolematteoni.it\/wp-content\/uploads\/2024\/05\/Europee-2024-827x1024.jpeg","contentUrl":"https:\/\/nicolematteoni.it\/wp-content\/uploads\/2024\/05\/Europee-2024-827x1024.jpeg"},{"@type":"BreadcrumbList","@id":"https:\/\/nicolematteoni.it\/index.php\/europee-2024\/#breadcrumb","itemListElement":[{"@type":"ListItem","position":1,"name":"Home","item":"https:\/\/nicolematteoni.it\/"},{"@type":"ListItem","position":2,"name":"Europee 2024"}]},{"@type":"WebSite","@id":"https:\/\/nicolematteoni.it\/#website","url":"https:\/\/nicolematteoni.it\/","name":"Nicole Matteoni","description":"Assessore politiche della famiglia e dell&#039;educazione del Comune di Trieste","publisher":{"@id":"https:\/\/nicolematteoni.it\/#\/schema\/person\/1720731d753b3bd9a8b2da07865f83ca"},"potentialAction":[{"@type":"SearchAction","target":{"@type":"EntryPoint","urlTemplate":"https:\/\/nicolematteoni.it\/?s={search_term_string}"},"query-input":{"@type":"PropertyValueSpecification","valueRequired":true,"valueName":"search_term_string"}}],"inLanguage":"it-IT"},{"@type":["Person","Organization"],"@id":"https:\/\/nicolematteoni.it\/#\/schema\/person\/1720731d753b3bd9a8b2da07865f83ca","name":"Nicole Matteoni","image":{"@type":"ImageObject","inLanguage":"it-IT","@id":"https:\/\/nicolematteoni.it\/#\/schema\/person\/image\/","url":"https:\/\/nicolematteoni.it\/wp-content\/uploads\/2023\/05\/matteoni-avt.jpg","contentUrl":"https:\/\/nicolematteoni.it\/wp-content\/uploads\/2023\/05\/matteoni-avt.jpg","width":550,"height":550,"caption":"Nicole Matteoni"},"logo":{"@id":"https:\/\/nicolematteoni.it\/#\/schema\/person\/image\/"},"sameAs":["https:\/\/www.nicolematteoni.it","https:\/\/www.facebook.com\/nmatteoni","https:\/\/www.instagram.com\/nicole_matteoni_fdi\/","https:\/\/www.youtube.com\/channel\/UCkMnVzyM3AZbWraaOKCvWDQ"]}]}},"_links":{"self":[{"href":"https:\/\/nicolematteoni.it\/index.php\/wp-json\/wp\/v2\/pages\/2926","targetHints":{"allow":["GET"]}}],"collection":[{"href":"https:\/\/nicolematteoni.it\/index.php\/wp-json\/wp\/v2\/pages"}],"about":[{"href":"https:\/\/nicolematteoni.it\/index.php\/wp-json\/wp\/v2\/types\/page"}],"author":[{"embeddable":true,"href":"https:\/\/nicolematteoni.it\/index.php\/wp-json\/wp\/v2\/users\/2"}],"replies":[{"embeddable":true,"href":"https:\/\/nicolematteoni.it\/index.php\/wp-json\/wp\/v2\/comments?post=2926"}],"version-history":[{"count":7,"href":"https:\/\/nicolematteoni.it\/index.php\/wp-json\/wp\/v2\/pages\/2926\/revisions"}],"predecessor-version":[{"id":2936,"href":"https:\/\/nicolematteoni.it\/index.php\/wp-json\/wp\/v2\/pages\/2926\/revisions\/2936"}],"wp:attachment":[{"href":"https:\/\/nicolematteoni.it\/index.php\/wp-json\/wp\/v2\/media?parent=2926"}],"curies":[{"name":"wp","href":"https:\/\/api.w.org\/{rel}","templated":true}]}}