{"id":2020,"date":"2023-04-24T12:30:00","date_gmt":"2023-04-24T10:30:00","guid":{"rendered":"https:\/\/nicolematteoni.it\/?page_id=2020"},"modified":"2023-04-29T17:40:25","modified_gmt":"2023-04-29T15:40:25","slug":"privacy","status":"publish","type":"page","link":"https:\/\/nicolematteoni.it\/index.php\/privacy\/","title":{"rendered":"Privacy"},"content":{"rendered":"\t\t<div data-elementor-type=\"wp-page\" data-elementor-id=\"2020\" class=\"elementor elementor-2020\" data-elementor-post-type=\"page\">\n\t\t\t\t\t\t<section class=\"elementor-section elementor-top-section elementor-element elementor-element-6e9d3954 elementor-section-boxed elementor-section-height-default elementor-section-height-default\" data-id=\"6e9d3954\" data-element_type=\"section\" data-e-type=\"section\">\n\t\t\t\t\t\t<div class=\"elementor-container elementor-column-gap-default\">\n\t\t\t\t\t<div class=\"elementor-column elementor-col-100 elementor-top-column elementor-element elementor-element-3b806697\" data-id=\"3b806697\" data-element_type=\"column\" data-e-type=\"column\">\n\t\t\t<div class=\"elementor-widget-wrap elementor-element-populated\">\n\t\t\t\t\t\t<div class=\"elementor-element elementor-element-5f57e565 elementor-widget__width-initial elementor-widget elementor-widget-text-editor\" data-id=\"5f57e565\" data-element_type=\"widget\" data-e-type=\"widget\" data-widget_type=\"text-editor.default\">\n\t\t\t\t<div class=\"elementor-widget-container\">\n\t\t\t\t\t\t\t\t\t<p>L&#8217;indirizzo autorizzato di questo sito \u00e8<b>: https:\/\/nicolematteoni.it\/<\/b>. Il sito e il dominio Internet sono di propriet\u00e0 di Nicole Matteoni. Non \u00e8 possibile inserire commenti ai contenuti direttamente su questo sito; i dati dei visitatori, l\u2019indirizzo IP degli utenti e il browser utilizzano non vengono quindi memorizzati. Una sequenza anonima creata dal vostro indirizzo email (chiamata anche # o hash) pu\u00f2 essere fornita al servizio Gravatar, che visualizza icone personalizzate anzich\u00e9 generali accanto alle informazioni del profilo, se il visitatore del sito ha scelto, su altri siti, di aderirvi; per la Newsletter, il sito di Nicole Matteoni utilizza Mailpoet. La politica del servizio privacy di Gravatar e Mailpoet \u00e8 disponibile sul sito del produttore dei software, <a href=\"https:\/\/automattic.com\/\" style=\"\">Automattic<\/a>. Questo sito utilizza tecnologie Open e si basa su WordPress; le funzionalit\u00e0 di WordPress e il modo in cui WordPress gestisce i dati sono disponibili sul <a href=\"https:\/\/wordpress.org\/\">sito della Community di WordPress<\/a>. Dopo l\u2019approvazione, l\u2019immagine del profilo scelta dall&#8217;utilizzatore di Gravatar \u00e8 disponibile al pubblico.<\/p>\n<p><br><\/p>\n<p><strong>Cookies<\/strong><br>Questo sito consente la registrazione di nuovi iscritti al servizio di Newsletter di Nicole Matteoni; un cookie temporaneo verr\u00e0 creato automaticamente per determinare se il vostro browser Internet accetta i cookie stessi. Questo cookie contiene dati non personali e viene eliminato quando si chiude il browser. Quando si effettua la registazione alla Newsletter (il servizio di informazione politica via email) verranno registrati anche diversi cookies per salvare le informazioni di accesso e le vostre scelte di visualizzazione grafica nel browser Internet; i cookies di accesso durano normalmente 2 giorni, mentre i cookies di opzione della grafica e del browser durano normalmente 1 anno. Se si seleziona il pulsante \u201cRicordami\u201d, laddove presente, l\u2019accesso persister\u00e0 per due settimane. Se si esce dal proprio account, i cookies di accesso saranno rimossi. Se si modifica o si pubblica un contenuto, sul vostro browser verr\u00e0 salvato un ulteriore cookie: quest\u2019ultimo include dati non personali e indica semplicemente l&#8217;identificativo dell\u2019articolo che \u00e8 stato appena modificato. Scade dopo un giorno. Per i cookies di terze parti (ad esempio Google, Facebook, chat di supporto e simili), invece, il sito di Nicole Matteoni non ha un controllo diretto dei singoli cookie e non pu\u00f2 n\u00e9 installarli direttamente n\u00e9 cancellarli.<\/p>\n<p><br><\/p>\n<p>Co<b>ntenuti incorporati da altri siti web<\/b><br>Gli articoli su questo sito possono includere contenuti incorporati (ad esempio video, immagini, articoli e altro). I contenuti incorporati da altri siti web agiscono nello stesso identico modo degli utenti che hanno visitato un altro sito web; questi siti possono raccogliere dati su di voi, usare i cookies, aggiungere il monitoraggio di terze parti, monitorare le vostre interazioni con i contenuti incorporati, compreso il tracciamento delle vostre interazioni con i contenuti se siete registrati a quel sito web. La raccolta eventuale di questi dati non \u00e8 dipendente dalla configurazione del sito nicolematteoni.it, che, espressamente, non ne raccoglie.<\/p>\n<p><br><\/p>\n<p><b>Trattamento dei dati personali<\/b><br>Se si lascia un commento su una paginal Social collegata al sito nicolematteoni.it, il commento e i suoi metadati, a seguito delle politiche dei Social network, sono conservati per sempre. Per gli utenti che si registrano sul sito nicolematteoni.it, alle comunicazioni e alla Newsletter, la raccolta di dati personali si limitano esclusivamente a ci\u00f2 che che forniscono volontariamente ed esplicitamente, e che \u00e8 necessario al funzionamento tecnico della Newsletter stessa e alla comunicazione politica fra Nicole Matteoni e chi effettua l&#8217;iscrizione. Tutti gli utenti possono vedere, modificare o cancellare le loro informazioni personali in qualsiasi momento attraverso le funzioni automatizzate della Newsletter ed eventualmente anche scrivendo a info@nicolematteoni.it. Gli amministratori del sito possono modificare tali dati in egual maniera. I commenti lasciati da chi visita il sito e le pagine Social, o invia email, possono essere controllati dai servizio di rilevamento spam automatico e di protezione dai virus.<\/p>\n<p><br><\/p>\n<p>I<b> diritti sui vostri dati personali<\/b><br><b>Richiedere la cancellazione di tutti i dati personali forniti \u00e8 sempre e in qualsiasi momento possibile; il titolare del trattamento dei dati personali \u00e8 Nicole Matteoni.&nbsp;<\/b>Non sono compresi nel diritto di cancellazione, con riferimento al <a href=\"https:\/\/garanteprivacy.it\/regolamentoue\">Regolamento UE 679\/2016 cosiddetto GDPR<\/a>, i dati che siamo obbligati a conservare per scopi legali e di sicurezza, ma \u00e8 sempre possibile richiedere quali siano i dati ancora conservati e dove siano conservati. Secondo quanto previsto dal GDPR, \u00e8 possibile esercitare nei confronti di Nicole Matteoni i seguenti diritti:<\/p>\n<p><br><\/p>\n<p>&#8211; accesso ai dati personali (art 15 del GDPR);<\/p>\n<p>&#8211; rettifica o la cancellazione (oblio) degli stessi o la limitazione del trattamento che lo riguardano (art. 16, 17 e 18 del GDPR);<\/p>\n<p>&#8211; opposizione al trattamento (art. 21 del GDPR);<\/p>\n<p>&#8211; portabilit\u00e0 dei dati (art. 20 del GDPR);<\/p>\n<p>&#8211; revoca del consenso;<\/p>\n<p>&#8211; reclamo all\u2019autorit\u00e0 di controllo (Garante Privacy \u2013 <a href=\"https:\/\/garanteprivacy.it\/i-miei-diritti\">garanteprivacy.it<\/a>)<\/p>\n<p><br><\/p>\n<p>I servizi del sito di Nicole Matteoni non sono destinati esplicitamente a minori di anni 16; Nicole Matteoni non raccoglie intenzionalmente informazioni<\/p>\n<p>personali riferite ai minori. Nel caso in cui informazioni su minori fossero involontariamente registrate, Nicole Matteoni le canceller\u00e0 in modo tempestivo, su richiesta degli utenti.<\/p>\n<p><br><\/p>\n<p><b>La Newsletter e le Mailing list<\/b><\/p>\n<p>Chi sceglie di iscriversi alla Newsletter e alla Mailing list di Nicole Matteoni attraverso questo sito lo fa, esprimendo il suo consenso con il click sulle checkbox previste e attraverso la conferma via email prevista, per promuovere la diffusione dell&#8217;identit\u00e0 nazionale e il valore della Patria, per perseguire il bene comune nella gestione della cosa pubblica. Dichiara quindi di essere consapevole che l&#8217;iscrizione non gli attribuir\u00e0 nessun vantaggio e nessuna situazione di privilegio. Attraverso l&#8217;iscrizione alla Newsletter e alla Mailing list del sito di Nicole Matteoni, Nicole Matteoni pu\u00f2 entrare in possesso di dati qualificati come &#8220;dati particolari\/sensibili&#8221; dal Regolamento UE 679\/2016 cosiddetto GDPR: nome, cognome, indirizzo, recapito telefonico, indirizzo di posta elettronica, luogo e data di nascita, codice fiscale. Il titolare del trattamento dei dati attraverso questo sito \u00e8 Nicole Matteoni, Via Fabio Filzi 6, Trieste. I dati raccolti sono trattati nell&#8217;ambito di attivit\u00e0 strettamente funzionali al perseguimento delle finalit\u00e0 istitutive, incluse quelle informative, illustrative e di aggiornamento sulle novit\u00e0 e attivit\u00e0 politica di Nicole Matteoni espressamente autorizzate. I dati personali raccolti non saranno oggetto di diffusione e potranno essere comunicati a soggetti esercenti servizi postali e di posta elettronica al solo fine di consentire l&#8217;inoltro di informazioni su attivit\u00e0 e iniziative agli interessati.<\/p>\n<p>Il mancato conferimento da parte dell&#8217;interessato dei dati richiesti e del consenso comporter\u00e0 l&#8217;impossibilit\u00e0 di instaurare o proseguire il rapporto di comunicazione con Nicole Matteoni attraverso questo sito, nei limiti in cui tali dati sono necessari all&#8217;esecuzione dello stesso. L&#8217;interessato ha e mantiene pieno diritto, in qualsiasi momento, di revocare il proprio consenso al trattamento.&nbsp;I dati personali trattati sono gestiti su supporto informatico in un sistema con host remoti protetti da sistemi di protezione idonei (backup, firewall, certificati di sicurezza); una parte limitata dei<\/p>\n<p>dati invece rimane su server allocati nell&#8217;Unione Europea (dati relativi alle Newsletter ed informative), di propriet\u00e0 di OVH Groupe SAS (Roubaix, Francia).<\/p>\n<p><br><\/p>\n<p>Per qualsiasi altra informazione rimaniamo a disposizione via email, <b>info@nicolematteoni.it<\/b> .<\/p>\n<p><br><\/p>\t\t\t\t\t\t\t\t<\/div>\n\t\t\t\t<\/div>\n\t\t\t\t\t<\/div>\n\t\t<\/div>\n\t\t\t\t\t<\/div>\n\t\t<\/section>\n\t\t\t\t<section class=\"elementor-section elementor-top-section elementor-element elementor-element-962d0de elementor-section-boxed elementor-section-height-default elementor-section-height-default\" data-id=\"962d0de\" data-element_type=\"section\" data-e-type=\"section\">\n\t\t\t\t\t\t<div class=\"elementor-container elementor-column-gap-default\">\n\t\t\t\t\t<div class=\"elementor-column elementor-col-100 elementor-top-column elementor-element elementor-element-249e15e\" data-id=\"249e15e\" data-element_type=\"column\" data-e-type=\"column\">\n\t\t\t<div class=\"elementor-widget-wrap\">\n\t\t\t\t\t\t\t<\/div>\n\t\t<\/div>\n\t\t\t\t\t<\/div>\n\t\t<\/section>\n\t\t\t\t<\/div>\n\t\t","protected":false},"excerpt":{"rendered":"<p>L&#8217;indirizzo autorizzato di questo sito \u00e8: https:\/\/nicolematteoni.it\/. Il sito e il dominio Internet sono di propriet\u00e0 di Nicole Matteoni. Non \u00e8 possibile inserire commenti ai contenuti direttamente su questo sito; [&hellip;]<\/p>\n","protected":false},"author":1,"featured_media":0,"parent":0,"menu_order":0,"comment_status":"closed","ping_status":"closed","template":"","meta":{"footnotes":""},"class_list":["post-2020","page","type-page","status-publish","hentry"],"yoast_head":"<!-- This site is optimized with the Yoast SEO plugin v26.9 - https:\/\/yoast.com\/product\/yoast-seo-wordpress\/ -->\n<title>Privacy - Nicole Matteoni<\/title>\n<meta name=\"robots\" content=\"index, follow, max-snippet:-1, max-image-preview:large, max-video-preview:-1\" \/>\n<link rel=\"canonical\" href=\"https:\/\/nicolematteoni.it\/index.php\/privacy\/\" \/>\n<meta property=\"og:locale\" content=\"it_IT\" \/>\n<meta property=\"og:type\" content=\"article\" \/>\n<meta property=\"og:title\" content=\"Privacy - Nicole Matteoni\" \/>\n<meta property=\"og:description\" content=\"L&#8217;indirizzo autorizzato di questo sito \u00e8: https:\/\/nicolematteoni.it\/. Il sito e il dominio Internet sono di propriet\u00e0 di Nicole Matteoni. Non \u00e8 possibile inserire commenti ai contenuti direttamente su questo sito; [&hellip;]\" \/>\n<meta property=\"og:url\" content=\"https:\/\/nicolematteoni.it\/index.php\/privacy\/\" \/>\n<meta property=\"og:site_name\" content=\"Nicole Matteoni\" \/>\n<meta property=\"article:publisher\" content=\"https:\/\/www.facebook.com\/nmatteoni\" \/>\n<meta property=\"article:modified_time\" content=\"2023-04-29T15:40:25+00:00\" \/>\n<meta name=\"twitter:card\" content=\"summary_large_image\" \/>\n<meta name=\"twitter:label1\" content=\"Tempo di lettura stimato\" \/>\n\t<meta name=\"twitter:data1\" content=\"6 minuti\" \/>\n<script type=\"application\/ld+json\" class=\"yoast-schema-graph\">{\"@context\":\"https:\/\/schema.org\",\"@graph\":[{\"@type\":\"WebPage\",\"@id\":\"https:\/\/nicolematteoni.it\/index.php\/privacy\/\",\"url\":\"https:\/\/nicolematteoni.it\/index.php\/privacy\/\",\"name\":\"Privacy - Nicole Matteoni\",\"isPartOf\":{\"@id\":\"https:\/\/nicolematteoni.it\/#website\"},\"datePublished\":\"2023-04-24T10:30:00+00:00\",\"dateModified\":\"2023-04-29T15:40:25+00:00\",\"breadcrumb\":{\"@id\":\"https:\/\/nicolematteoni.it\/index.php\/privacy\/#breadcrumb\"},\"inLanguage\":\"it-IT\",\"potentialAction\":[{\"@type\":\"ReadAction\",\"target\":[\"https:\/\/nicolematteoni.it\/index.php\/privacy\/\"]}]},{\"@type\":\"BreadcrumbList\",\"@id\":\"https:\/\/nicolematteoni.it\/index.php\/privacy\/#breadcrumb\",\"itemListElement\":[{\"@type\":\"ListItem\",\"position\":1,\"name\":\"Home\",\"item\":\"https:\/\/nicolematteoni.it\/\"},{\"@type\":\"ListItem\",\"position\":2,\"name\":\"Privacy\"}]},{\"@type\":\"WebSite\",\"@id\":\"https:\/\/nicolematteoni.it\/#website\",\"url\":\"https:\/\/nicolematteoni.it\/\",\"name\":\"Nicole Matteoni\",\"description\":\"Assessore politiche della famiglia e dell&#039;educazione del Comune di Trieste\",\"publisher\":{\"@id\":\"https:\/\/nicolematteoni.it\/#\/schema\/person\/1720731d753b3bd9a8b2da07865f83ca\"},\"potentialAction\":[{\"@type\":\"SearchAction\",\"target\":{\"@type\":\"EntryPoint\",\"urlTemplate\":\"https:\/\/nicolematteoni.it\/?s={search_term_string}\"},\"query-input\":{\"@type\":\"PropertyValueSpecification\",\"valueRequired\":true,\"valueName\":\"search_term_string\"}}],\"inLanguage\":\"it-IT\"},{\"@type\":[\"Person\",\"Organization\"],\"@id\":\"https:\/\/nicolematteoni.it\/#\/schema\/person\/1720731d753b3bd9a8b2da07865f83ca\",\"name\":\"Nicole Matteoni\",\"image\":{\"@type\":\"ImageObject\",\"inLanguage\":\"it-IT\",\"@id\":\"https:\/\/nicolematteoni.it\/#\/schema\/person\/image\/\",\"url\":\"https:\/\/nicolematteoni.it\/wp-content\/uploads\/2023\/05\/matteoni-avt.jpg\",\"contentUrl\":\"https:\/\/nicolematteoni.it\/wp-content\/uploads\/2023\/05\/matteoni-avt.jpg\",\"width\":550,\"height\":550,\"caption\":\"Nicole Matteoni\"},\"logo\":{\"@id\":\"https:\/\/nicolematteoni.it\/#\/schema\/person\/image\/\"},\"sameAs\":[\"https:\/\/www.nicolematteoni.it\",\"https:\/\/www.facebook.com\/nmatteoni\",\"https:\/\/www.instagram.com\/nicole_matteoni_fdi\/\",\"https:\/\/www.youtube.com\/channel\/UCkMnVzyM3AZbWraaOKCvWDQ\"]}]}<\/script>\n<!-- \/ Yoast SEO plugin. -->","yoast_head_json":{"title":"Privacy - Nicole Matteoni","robots":{"index":"index","follow":"follow","max-snippet":"max-snippet:-1","max-image-preview":"max-image-preview:large","max-video-preview":"max-video-preview:-1"},"canonical":"https:\/\/nicolematteoni.it\/index.php\/privacy\/","og_locale":"it_IT","og_type":"article","og_title":"Privacy - Nicole Matteoni","og_description":"L&#8217;indirizzo autorizzato di questo sito \u00e8: https:\/\/nicolematteoni.it\/. Il sito e il dominio Internet sono di propriet\u00e0 di Nicole Matteoni. Non \u00e8 possibile inserire commenti ai contenuti direttamente su questo sito; [&hellip;]","og_url":"https:\/\/nicolematteoni.it\/index.php\/privacy\/","og_site_name":"Nicole Matteoni","article_publisher":"https:\/\/www.facebook.com\/nmatteoni","article_modified_time":"2023-04-29T15:40:25+00:00","twitter_card":"summary_large_image","twitter_misc":{"Tempo di lettura stimato":"6 minuti"},"schema":{"@context":"https:\/\/schema.org","@graph":[{"@type":"WebPage","@id":"https:\/\/nicolematteoni.it\/index.php\/privacy\/","url":"https:\/\/nicolematteoni.it\/index.php\/privacy\/","name":"Privacy - Nicole Matteoni","isPartOf":{"@id":"https:\/\/nicolematteoni.it\/#website"},"datePublished":"2023-04-24T10:30:00+00:00","dateModified":"2023-04-29T15:40:25+00:00","breadcrumb":{"@id":"https:\/\/nicolematteoni.it\/index.php\/privacy\/#breadcrumb"},"inLanguage":"it-IT","potentialAction":[{"@type":"ReadAction","target":["https:\/\/nicolematteoni.it\/index.php\/privacy\/"]}]},{"@type":"BreadcrumbList","@id":"https:\/\/nicolematteoni.it\/index.php\/privacy\/#breadcrumb","itemListElement":[{"@type":"ListItem","position":1,"name":"Home","item":"https:\/\/nicolematteoni.it\/"},{"@type":"ListItem","position":2,"name":"Privacy"}]},{"@type":"WebSite","@id":"https:\/\/nicolematteoni.it\/#website","url":"https:\/\/nicolematteoni.it\/","name":"Nicole Matteoni","description":"Assessore politiche della famiglia e dell&#039;educazione del Comune di Trieste","publisher":{"@id":"https:\/\/nicolematteoni.it\/#\/schema\/person\/1720731d753b3bd9a8b2da07865f83ca"},"potentialAction":[{"@type":"SearchAction","target":{"@type":"EntryPoint","urlTemplate":"https:\/\/nicolematteoni.it\/?s={search_term_string}"},"query-input":{"@type":"PropertyValueSpecification","valueRequired":true,"valueName":"search_term_string"}}],"inLanguage":"it-IT"},{"@type":["Person","Organization"],"@id":"https:\/\/nicolematteoni.it\/#\/schema\/person\/1720731d753b3bd9a8b2da07865f83ca","name":"Nicole Matteoni","image":{"@type":"ImageObject","inLanguage":"it-IT","@id":"https:\/\/nicolematteoni.it\/#\/schema\/person\/image\/","url":"https:\/\/nicolematteoni.it\/wp-content\/uploads\/2023\/05\/matteoni-avt.jpg","contentUrl":"https:\/\/nicolematteoni.it\/wp-content\/uploads\/2023\/05\/matteoni-avt.jpg","width":550,"height":550,"caption":"Nicole Matteoni"},"logo":{"@id":"https:\/\/nicolematteoni.it\/#\/schema\/person\/image\/"},"sameAs":["https:\/\/www.nicolematteoni.it","https:\/\/www.facebook.com\/nmatteoni","https:\/\/www.instagram.com\/nicole_matteoni_fdi\/","https:\/\/www.youtube.com\/channel\/UCkMnVzyM3AZbWraaOKCvWDQ"]}]}},"_links":{"self":[{"href":"https:\/\/nicolematteoni.it\/index.php\/wp-json\/wp\/v2\/pages\/2020","targetHints":{"allow":["GET"]}}],"collection":[{"href":"https:\/\/nicolematteoni.it\/index.php\/wp-json\/wp\/v2\/pages"}],"about":[{"href":"https:\/\/nicolematteoni.it\/index.php\/wp-json\/wp\/v2\/types\/page"}],"author":[{"embeddable":true,"href":"https:\/\/nicolematteoni.it\/index.php\/wp-json\/wp\/v2\/users\/1"}],"replies":[{"embeddable":true,"href":"https:\/\/nicolematteoni.it\/index.php\/wp-json\/wp\/v2\/comments?post=2020"}],"version-history":[{"count":44,"href":"https:\/\/nicolematteoni.it\/index.php\/wp-json\/wp\/v2\/pages\/2020\/revisions"}],"predecessor-version":[{"id":2181,"href":"https:\/\/nicolematteoni.it\/index.php\/wp-json\/wp\/v2\/pages\/2020\/revisions\/2181"}],"wp:attachment":[{"href":"https:\/\/nicolematteoni.it\/index.php\/wp-json\/wp\/v2\/media?parent=2020"}],"curies":[{"name":"wp","href":"https:\/\/api.w.org\/{rel}","templated":true}]}}